{"id":71768,"date":"2025-08-15T18:30:20","date_gmt":"2025-08-15T18:30:20","guid":{"rendered":"https:\/\/shelbylaw.com\/es\/?page_id=71768"},"modified":"2025-08-15T18:36:16","modified_gmt":"2025-08-15T18:36:16","slug":"r-keegan-sullivan","status":"publish","type":"page","link":"https:\/\/shelbylaw.com\/es\/abogados\/r-keegan-sullivan\/","title":{"rendered":"R. Keegan Sullivan"},"content":{"rendered":"<p>[et_pb_section fb_built=&#8221;1&#8243; custom_padding_last_edited=&#8221;on|phone&#8221; _builder_version=&#8221;4.18.0&#8243; _module_preset=&#8221;default&#8221; background_color=&#8221;rgba(2,2,2,0.6)&#8221; background_image=&#8221;https:\/\/shelbylaw.com\/es\/wp-content\/uploads\/2022\/09\/lawyer-44-4.jpg&#8221; background_blend=&#8221;overlay&#8221; custom_margin=&#8221;0px||0px||false|false&#8221; custom_padding=&#8221;128px||130px||false|false&#8221; custom_padding_tablet=&#8221;130px||130px||false|false&#8221; custom_padding_phone=&#8221;80px||80px||false|false&#8221; global_colors_info=&#8221;{}&#8221;][et_pb_row use_custom_gutter=&#8221;on&#8221; gutter_width=&#8221;2&#8243; _builder_version=&#8221;4.17.1&#8243; _module_preset=&#8221;default&#8221; width=&#8221;90%&#8221; max_width=&#8221;1170px&#8221; custom_margin=&#8221;0px||0px||false|false&#8221; custom_padding=&#8221;0px||0px||false|false&#8221; global_colors_info=&#8221;{}&#8221;][et_pb_column type=&#8221;4_4&#8243; _builder_version=&#8221;4.17.1&#8243; _module_preset=&#8221;default&#8221; global_colors_info=&#8221;{}&#8221;][et_pb_text _builder_version=&#8221;4.27.4&#8243; _module_preset=&#8221;default&#8221; header_2_font=&#8221;|600|||||||&#8221; header_2_text_align=&#8221;left&#8221; header_2_text_color=&#8221;#FFFFFF&#8221; header_2_font_size=&#8221;65px&#8221; header_2_letter_spacing=&#8221;-1px&#8221; header_2_line_height=&#8221;1.1em&#8221; custom_margin=&#8221;0px||20px||false|false&#8221; custom_padding=&#8221;0px||0px||false|false&#8221; header_2_font_size_tablet=&#8221;65px&#8221; header_2_font_size_phone=&#8221;34px&#8221; header_2_font_size_last_edited=&#8221;on|phone&#8221; global_colors_info=&#8221;{}&#8221;]<\/p>\n<h2>R. Keegan Sullivan<\/h2>\n<p>[\/et_pb_text][et_pb_text _builder_version=&#8221;4.20.4&#8243; _module_preset=&#8221;default&#8221; text_font=&#8221;|600|||||||&#8221; text_text_color=&#8221;#FFFFFF&#8221; text_font_size=&#8221;23px&#8221; header_4_font=&#8221;Cairo|700|||on||||&#8221; header_4_text_align=&#8221;left&#8221; header_4_text_color=&#8221;#FFFFFF&#8221; header_4_font_size=&#8221;17px&#8221; custom_margin=&#8221;0px||0px||false|false&#8221; custom_padding=&#8221;0px||0px||false|false&#8221; header_4_font_size_tablet=&#8221;17px&#8221; header_4_font_size_phone=&#8221;17px&#8221; header_4_font_size_last_edited=&#8221;on|phone&#8221; global_colors_info=&#8221;{}&#8221; header_4_text_color__hover_enabled=&#8221;on|hover&#8221; header_4_text_color__hover=&#8221;#fd4a18&#8243;]Reputaci\u00f3n. Respeto. Resultados.[\/et_pb_text][\/et_pb_column][\/et_pb_row][\/et_pb_section][et_pb_section fb_built=&#8221;1&#8243; custom_padding_last_edited=&#8221;on|phone&#8221; _builder_version=&#8221;4.20.4&#8243; _module_preset=&#8221;default&#8221; background_enable_color=&#8221;off&#8221; custom_margin=&#8221;0px||0px||false|false&#8221; custom_padding=&#8221;80px||80px||false|false&#8221; custom_padding_tablet=&#8221;130px||130px||false|false&#8221; custom_padding_phone=&#8221;80px||80px||false|false&#8221; global_colors_info=&#8221;{}&#8221;][et_pb_row column_structure=&#8221;2_5,3_5&#8243; use_custom_gutter=&#8221;on&#8221; gutter_width=&#8221;2&#8243; make_equal=&#8221;on&#8221; _builder_version=&#8221;4.18.0&#8243; _module_preset=&#8221;default&#8221; width=&#8221;90%&#8221; max_width=&#8221;1170px&#8221; custom_margin=&#8221;0px||0px||false|false&#8221; custom_padding=&#8221;0px||0px||false|false&#8221; border_color_bottom=&#8221;#e7e7e7&#8243; global_colors_info=&#8221;{}&#8221;][et_pb_column type=&#8221;2_5&#8243; _builder_version=&#8221;4.17.1&#8243; _module_preset=&#8221;default&#8221; custom_css_main_element=&#8221;text-align:center;&#8221; global_colors_info=&#8221;{}&#8221;][et_pb_image src=&#8221;https:\/\/shelbylaw.com\/es\/wp-content\/uploads\/2025\/07\/keegan-min.webp&#8221; alt=&#8221;H Curtis Johnson&#8221; title_text=&#8221;keegan-min&#8221; align=&#8221;center&#8221; _builder_version=&#8221;4.27.4&#8243; _module_preset=&#8221;default&#8221; custom_margin=&#8221;0px||0px||false|false&#8221; custom_padding=&#8221;0px||0px||false|false&#8221; global_colors_info=&#8221;{}&#8221;][\/et_pb_image][et_pb_blurb title=&#8221;R. Keegan Sullivan&#8221; _builder_version=&#8221;4.27.4&#8243; _module_preset=&#8221;default&#8221; header_level=&#8221;h3&#8243; header_font=&#8221;|700|||||||&#8221; header_text_align=&#8221;center&#8221; header_text_color=&#8221;#151515&#8243; header_font_size=&#8221;20px&#8221; body_font=&#8221;Libre Franklin|600|||||||&#8221; body_text_align=&#8221;center&#8221; body_text_color=&#8221;#616161&#8243; background_color=&#8221;#FFFFFF&#8221; z_index=&#8221;10&#8243; max_width=&#8221;325px&#8221; module_alignment=&#8221;center&#8221; custom_margin=&#8221;-40px||0px||false|false&#8221; custom_padding=&#8221;20px|10px|20px|10px|true|true&#8221; border_radii=&#8221;on|5px|5px|5px|5px&#8221; box_shadow_style=&#8221;preset1&#8243; box_shadow_vertical=&#8221;8px&#8221; box_shadow_blur=&#8221;35px&#8221; box_shadow_color=&#8221;rgba(0,0,0,0.12)&#8221; global_colors_info=&#8221;{}&#8221;][\/et_pb_blurb][et_pb_blurb use_icon=&#8221;on&#8221; font_icon=&#8221;&#xe00b;||divi||400&#8243; icon_color=&#8221;#C9AC5C&#8221; icon_placement=&#8221;left&#8221; _builder_version=&#8221;4.19.5&#8243; _module_preset=&#8221;default&#8221; body_font=&#8221;|700|||||||&#8221; custom_margin=&#8221;20px||||false|false&#8221; global_colors_info=&#8221;{}&#8221;]<\/p>\n<p><span>317-398-6688<\/span><\/p>\n<p>[\/et_pb_blurb][et_pb_blurb use_icon=&#8221;on&#8221; font_icon=&#8221;&#xe103;||divi||400&#8243; icon_color=&#8221;#C9AC5C&#8221; icon_placement=&#8221;left&#8221; _builder_version=&#8221;4.19.5&#8243; _module_preset=&#8221;default&#8221; body_font=&#8221;|700|||||||&#8221; custom_margin=&#8221;20px||||false|false&#8221; global_colors_info=&#8221;{}&#8221;]<\/p>\n<p class=\"p1\"><span>317-398-6806<\/span><\/p>\n<p>[\/et_pb_blurb][\/et_pb_column][et_pb_column type=&#8221;3_5&#8243; _builder_version=&#8221;4.17.1&#8243; _module_preset=&#8221;default&#8221; custom_css_main_element=&#8221;text-align:center;&#8221; global_colors_info=&#8221;{}&#8221;][et_pb_text _builder_version=&#8221;4.20.4&#8243; header_3_font=&#8221;|600|||||||&#8221; header_3_text_align=&#8221;left&#8221; header_3_text_color=&#8221;#020202&#8243; header_3_font_size=&#8221;35px&#8221; header_3_line_height=&#8221;1.2em&#8221; animation_style=&#8221;fade&#8221; header_3_font_size_tablet=&#8221;&#8221; header_3_font_size_phone=&#8221;25px&#8221; header_3_font_size_last_edited=&#8221;on|phone&#8221; global_colors_info=&#8221;{}&#8221;]<\/p>\n<h3>Acerca de R. Keegan Sullivan<\/h3>\n<p>[\/et_pb_text][et_pb_text _builder_version=&#8221;4.27.4&#8243; text_font=&#8221;||||||||&#8221; text_text_color=&#8221;#020202&#8243; link_font=&#8221;|600|||||||&#8221; header_2_font=&#8221;|600|||||||&#8221; header_2_text_color=&#8221;#C9AC5C&#8221; custom_margin_tablet=&#8221;-10px||||false|false&#8221; custom_margin_phone=&#8221;-10px||||false|false&#8221; custom_margin_last_edited=&#8221;on|phone&#8221; hover_enabled=&#8221;0&#8243; global_colors_info=&#8221;{}&#8221; sticky_enabled=&#8221;0&#8243;]<\/p>\n<p class=\"p1\">Riley \u201cKeegan\u201d Sullivan es un abogado de practica general con especializaci\u00f3n en \u00e1reas de derecho de familia (divorcio, custodia de menores, tiempo de padres, y manutenci\u00f3n de menores), adopciones, tutelas, derecho penal, bancarrota, derecho civil, testamentos, fideicomisos y patrimonios. Adem\u00e1s de representar a personas en su pr\u00e1ctica privada, Keegan representa a personas como defensor p\u00fablico, en los condados de Shelby, Decatur, y Rush, a quienes no pueden contratar representaci\u00f3n legal.<\/p>\n<p class=\"p1\">Keegan recibi\u00f3 su educaci\u00f3n de pregrado de Wabash College en Crawfordsville, Indiana, gradu\u00e1ndose en el 2013, con una\u00a0especializaci\u00f3n en Religi\u00f3n y una especializaci\u00f3n secundaria\u00a0en Historia. Gracias a sus estudios religiosos, Keegan tuvo la oportunidad de emprender en un viaje misionero al pa\u00eds de Kenia, \u00c1frica Oriental. Keegan atribuye esta experiencia al impulso de su arraigada pasi\u00f3n por ayudar a los que lo necesitan y est\u00e1n en una posici\u00f3n de hacerlo por s\u00ed mismos. Posteriormente, Keegan estudio Derecho en la Universidad de Dayton, Dayton Ohio, y se gradu\u00f3 en el 2020.<\/p>\n<p class=\"p1\">En su tiempo libre, Keegan reside en Greenfield, Indiana, con su esposa, Jordan, y sus dos perros goldendoodles, Rumble y Wally. Adem\u00e1s, Keegan es un \u00e1vido aficionado de los Indian\u00e1polis Colts, los Indiana Pacers y todo lo relacionado con el atletismo de Notre Dame.<\/p>\n<h2>\u00c1reas de Practica<\/h2>\n<ul class=\"ul1\">\n<li class=\"li1\"><span class=\"s1\"><\/span>Derecho penal<\/li>\n<li class=\"li1\"><span class=\"s1\"><\/span>Derecho de familia (divorcio, custodia y manutenci\u00f3n de menores)<\/li>\n<li class=\"li1\"><span class=\"s1\"><\/span>\u00a0Derecho civil<\/li>\n<li class=\"li1\"><span class=\"s1\"><\/span>\u00a0Planificaci\u00f3n patrimonial<\/li>\n<li class=\"li1\"><span class=\"s1\"><\/span>\u00a0Sucesiones<\/li>\n<li class=\"li1\"><span class=\"s1\"><\/span>\u00a0Adopciones<\/li>\n<li class=\"li1\"><span class=\"s1\"><\/span>Derecho Empresarial<\/li>\n<\/ul>\n<h2>Admisi\u00f3n al Colegio de Abogados<\/h2>\n<ul class=\"ul1\">\n<li class=\"li1\"><span class=\"s1\"><\/span>Indiana<\/li>\n<li class=\"li1\"><span class=\"s1\"><\/span>United States District Court, Southern District of Indiana<\/li>\n<li class=\"li1\"><span class=\"s1\"><\/span>United States District Court, Northern District of Indiana<\/li>\n<\/ul>\n<h2>Educaci\u00f3n<\/h2>\n<ul class=\"ul1\">\n<li class=\"li1\"><span class=\"s1\"><\/span>Wabash College, AB, 2017<\/li>\n<li class=\"li1\"><span class=\"s1\"><\/span>University of Dayton School of Law, JD, 2020<\/li>\n<\/ul>\n<h2>Representaci\u00f3n de clientes\u00a0<\/h2>\n<p class=\"p1\">Disponible a solicitud<\/p>\n<p>[\/et_pb_text][\/et_pb_column][\/et_pb_row][\/et_pb_section]<\/p>\n","protected":false},"excerpt":{"rendered":"<p>R. Keegan SullivanReputaci\u00f3n. Respeto. Resultados.317-398-6688317-398-6806Acerca de R. Keegan SullivanRiley \u201cKeegan\u201d Sullivan es un abogado de practica general con especializaci\u00f3n en \u00e1reas de derecho de familia (divorcio, custodia de menores, tiempo de padres, y manutenci\u00f3n de menores), adopciones, tutelas, derecho penal, bancarrota, derecho civil, testamentos, fideicomisos y patrimonios. Adem\u00e1s de representar a personas en su pr\u00e1ctica [&hellip;]<\/p>\n","protected":false},"author":1,"featured_media":0,"parent":141,"menu_order":0,"comment_status":"closed","ping_status":"closed","template":"","meta":{"_et_pb_use_builder":"on","_et_pb_old_content":"","_et_gb_content_width":"","footnotes":""},"class_list":["post-71768","page","type-page","status-publish","hentry"],"_links":{"self":[{"href":"https:\/\/shelbylaw.com\/es\/wp-json\/wp\/v2\/pages\/71768","targetHints":{"allow":["GET"]}}],"collection":[{"href":"https:\/\/shelbylaw.com\/es\/wp-json\/wp\/v2\/pages"}],"about":[{"href":"https:\/\/shelbylaw.com\/es\/wp-json\/wp\/v2\/types\/page"}],"author":[{"embeddable":true,"href":"https:\/\/shelbylaw.com\/es\/wp-json\/wp\/v2\/users\/1"}],"replies":[{"embeddable":true,"href":"https:\/\/shelbylaw.com\/es\/wp-json\/wp\/v2\/comments?post=71768"}],"version-history":[{"count":0,"href":"https:\/\/shelbylaw.com\/es\/wp-json\/wp\/v2\/pages\/71768\/revisions"}],"up":[{"embeddable":true,"href":"https:\/\/shelbylaw.com\/es\/wp-json\/wp\/v2\/pages\/141"}],"wp:attachment":[{"href":"https:\/\/shelbylaw.com\/es\/wp-json\/wp\/v2\/media?parent=71768"}],"curies":[{"name":"wp","href":"https:\/\/api.w.org\/{rel}","templated":true}]}}