{"id":401,"date":"2023-01-11T14:29:53","date_gmt":"2023-01-11T14:29:53","guid":{"rendered":"https:\/\/shelbylaw.com\/?page_id=401"},"modified":"2023-06-02T13:45:29","modified_gmt":"2023-06-02T13:45:29","slug":"curt-johnson","status":"publish","type":"page","link":"https:\/\/shelbylaw.com\/es\/abogados\/curt-johnson\/","title":{"rendered":"H. Curtis Johnson"},"content":{"rendered":"<p>[et_pb_section fb_built=&#8221;1&#8243; custom_padding_last_edited=&#8221;on|phone&#8221; _builder_version=&#8221;4.18.0&#8243; _module_preset=&#8221;default&#8221; background_color=&#8221;rgba(2,2,2,0.6)&#8221; background_image=&#8221;https:\/\/shelbylaw.com\/es\/wp-content\/uploads\/2022\/09\/lawyer-44-4.jpg&#8221; background_blend=&#8221;overlay&#8221; custom_margin=&#8221;0px||0px||false|false&#8221; custom_padding=&#8221;128px||130px||false|false&#8221; custom_padding_tablet=&#8221;130px||130px||false|false&#8221; custom_padding_phone=&#8221;80px||80px||false|false&#8221; global_colors_info=&#8221;{}&#8221;][et_pb_row use_custom_gutter=&#8221;on&#8221; gutter_width=&#8221;2&#8243; _builder_version=&#8221;4.17.1&#8243; _module_preset=&#8221;default&#8221; width=&#8221;90%&#8221; max_width=&#8221;1170px&#8221; custom_margin=&#8221;0px||0px||false|false&#8221; custom_padding=&#8221;0px||0px||false|false&#8221; global_colors_info=&#8221;{}&#8221;][et_pb_column type=&#8221;4_4&#8243; _builder_version=&#8221;4.17.1&#8243; _module_preset=&#8221;default&#8221; global_colors_info=&#8221;{}&#8221;][et_pb_text _builder_version=&#8221;4.18.0&#8243; _module_preset=&#8221;default&#8221; header_2_font=&#8221;|600|||||||&#8221; header_2_text_align=&#8221;left&#8221; header_2_text_color=&#8221;#FFFFFF&#8221; header_2_font_size=&#8221;65px&#8221; header_2_letter_spacing=&#8221;-1px&#8221; header_2_line_height=&#8221;1.1em&#8221; custom_margin=&#8221;0px||20px||false|false&#8221; custom_padding=&#8221;0px||0px||false|false&#8221; header_2_font_size_tablet=&#8221;65px&#8221; header_2_font_size_phone=&#8221;34px&#8221; header_2_font_size_last_edited=&#8221;on|phone&#8221; global_colors_info=&#8221;{}&#8221;]<\/p>\n<h2>H. Curtis Johnson<\/h2>\n<p>[\/et_pb_text][et_pb_text _builder_version=&#8221;4.20.4&#8243; _module_preset=&#8221;default&#8221; text_font=&#8221;|600|||||||&#8221; text_text_color=&#8221;#FFFFFF&#8221; text_font_size=&#8221;23px&#8221; header_4_font=&#8221;Cairo|700|||on||||&#8221; header_4_text_align=&#8221;left&#8221; header_4_text_color=&#8221;#FFFFFF&#8221; header_4_font_size=&#8221;17px&#8221; custom_margin=&#8221;0px||0px||false|false&#8221; custom_padding=&#8221;0px||0px||false|false&#8221; header_4_font_size_tablet=&#8221;17px&#8221; header_4_font_size_phone=&#8221;17px&#8221; header_4_font_size_last_edited=&#8221;on|phone&#8221; global_colors_info=&#8221;{}&#8221; header_4_text_color__hover_enabled=&#8221;on|hover&#8221; header_4_text_color__hover=&#8221;#fd4a18&#8243;]Reputaci\u00f3n. Respeto. Resultados.[\/et_pb_text][\/et_pb_column][\/et_pb_row][\/et_pb_section][et_pb_section fb_built=&#8221;1&#8243; custom_padding_last_edited=&#8221;on|phone&#8221; _builder_version=&#8221;4.20.4&#8243; _module_preset=&#8221;default&#8221; background_enable_color=&#8221;off&#8221; custom_margin=&#8221;0px||0px||false|false&#8221; custom_padding=&#8221;80px||80px||false|false&#8221; custom_padding_tablet=&#8221;130px||130px||false|false&#8221; custom_padding_phone=&#8221;80px||80px||false|false&#8221; global_colors_info=&#8221;{}&#8221;][et_pb_row column_structure=&#8221;2_5,3_5&#8243; use_custom_gutter=&#8221;on&#8221; gutter_width=&#8221;2&#8243; make_equal=&#8221;on&#8221; _builder_version=&#8221;4.18.0&#8243; _module_preset=&#8221;default&#8221; width=&#8221;90%&#8221; max_width=&#8221;1170px&#8221; custom_margin=&#8221;0px||0px||false|false&#8221; custom_padding=&#8221;0px||0px||false|false&#8221; border_color_bottom=&#8221;#e7e7e7&#8243; global_colors_info=&#8221;{}&#8221;][et_pb_column type=&#8221;2_5&#8243; _builder_version=&#8221;4.17.1&#8243; _module_preset=&#8221;default&#8221; custom_css_main_element=&#8221;text-align:center;&#8221; global_colors_info=&#8221;{}&#8221;][et_pb_image src=&#8221;https:\/\/shelbylaw.com\/es\/wp-content\/uploads\/2023\/01\/family-2022.johnson-min.jpg&#8221; alt=&#8221;H Curtis Johnson&#8221; title_text=&#8221;family 2022.johnson-min&#8221; align=&#8221;center&#8221; _builder_version=&#8221;4.19.5&#8243; _module_preset=&#8221;default&#8221; custom_margin=&#8221;0px||0px||false|false&#8221; custom_padding=&#8221;0px||0px||false|false&#8221; global_colors_info=&#8221;{}&#8221;][\/et_pb_image][et_pb_blurb title=&#8221;H Curtis Johnson&#8221; _builder_version=&#8221;4.18.0&#8243; _module_preset=&#8221;default&#8221; header_level=&#8221;h3&#8243; header_font=&#8221;|700|||||||&#8221; header_text_align=&#8221;center&#8221; header_text_color=&#8221;#151515&#8243; header_font_size=&#8221;20px&#8221; body_font=&#8221;Libre Franklin|600|||||||&#8221; body_text_align=&#8221;center&#8221; body_text_color=&#8221;#616161&#8243; background_color=&#8221;#FFFFFF&#8221; z_index=&#8221;10&#8243; max_width=&#8221;325px&#8221; module_alignment=&#8221;center&#8221; custom_margin=&#8221;-40px||0px||false|false&#8221; custom_padding=&#8221;20px|10px|20px|10px|true|true&#8221; border_radii=&#8221;on|5px|5px|5px|5px&#8221; box_shadow_style=&#8221;preset1&#8243; box_shadow_vertical=&#8221;8px&#8221; box_shadow_blur=&#8221;35px&#8221; box_shadow_color=&#8221;rgba(0,0,0,0.12)&#8221; global_colors_info=&#8221;{}&#8221;][\/et_pb_blurb][et_pb_blurb use_icon=&#8221;on&#8221; font_icon=&#8221;&#xe00b;||divi||400&#8243; icon_color=&#8221;#C9AC5C&#8221; icon_placement=&#8221;left&#8221; _builder_version=&#8221;4.19.5&#8243; _module_preset=&#8221;default&#8221; body_font=&#8221;|700|||||||&#8221; custom_margin=&#8221;20px||||false|false&#8221; global_colors_info=&#8221;{}&#8221;]<\/p>\n<p><span>317-398-6688<\/span><\/p>\n<p>[\/et_pb_blurb][et_pb_blurb use_icon=&#8221;on&#8221; font_icon=&#8221;&#xe103;||divi||400&#8243; icon_color=&#8221;#C9AC5C&#8221; icon_placement=&#8221;left&#8221; _builder_version=&#8221;4.19.5&#8243; _module_preset=&#8221;default&#8221; body_font=&#8221;|700|||||||&#8221; custom_margin=&#8221;20px||||false|false&#8221; global_colors_info=&#8221;{}&#8221;]<\/p>\n<p class=\"p1\"><span>317-398-6806<\/span><\/p>\n<p>[\/et_pb_blurb][\/et_pb_column][et_pb_column type=&#8221;3_5&#8243; _builder_version=&#8221;4.17.1&#8243; _module_preset=&#8221;default&#8221; custom_css_main_element=&#8221;text-align:center;&#8221; global_colors_info=&#8221;{}&#8221;][et_pb_text _builder_version=&#8221;4.20.4&#8243; header_3_font=&#8221;|600|||||||&#8221; header_3_text_align=&#8221;left&#8221; header_3_text_color=&#8221;#020202&#8243; header_3_font_size=&#8221;35px&#8221; header_3_line_height=&#8221;1.2em&#8221; animation_style=&#8221;fade&#8221; header_3_font_size_tablet=&#8221;&#8221; header_3_font_size_phone=&#8221;25px&#8221; header_3_font_size_last_edited=&#8221;on|phone&#8221; global_colors_info=&#8221;{}&#8221;]<\/p>\n<h3>Acerca de H. Curtis Johnson<br \/>\n<\/h3>\n<p>[\/et_pb_text][et_pb_text _builder_version=&#8221;4.20.4&#8243; text_font=&#8221;||||||||&#8221; text_text_color=&#8221;#020202&#8243; link_font=&#8221;|600|||||||&#8221; header_2_font=&#8221;|600|||||||&#8221; header_2_text_color=&#8221;#C9AC5C&#8221; custom_margin_tablet=&#8221;-10px||||false|false&#8221; custom_margin_phone=&#8221;-10px||||false|false&#8221; custom_margin_last_edited=&#8221;on|phone&#8221; hover_enabled=&#8221;0&#8243; global_colors_info=&#8221;{}&#8221; sticky_enabled=&#8221;0&#8243;]<\/p>\n<p>Curt Johnson representa tanto a individuos como a empresas en asuntos civiles. Como litigante experimentado, Curt ha desarrollado una pr\u00e1ctica equilibrada en el \u00e1mbito civil que consiste en representar tanto a los demandantes como a los demandados en litigios (en procedimientos judiciales) y transacciones (procedimientos extrajudiciales, por ejemplo, formaci\u00f3n de entidades comerciales, preparaci\u00f3n y negociaci\u00f3n de contratos, transacciones inmobiliarias, etc.). Hablando espa\u00f1ol con fluidez, Curt tambi\u00e9n ha trabajado con la comunidad latina para resolver problemas que son exclusivos de ellos y aquellos que comparten con la comunidad en general. Su trabajo y sus habilidades fueron reconocidos con el Premio al Abogado Joven Sobresaliente de la Asociaci\u00f3n de Abogados del Estado de Indiana en 2005.<\/p>\n<p>A nivel personal, Curt aporta una gran cantidad de experiencias \u00fanicas para ayudar a sus clientes. Despu\u00e9s de graduarse de la escuela secundaria de Shelbyville, asisti\u00f3 a <a href=\"http:\/\/www.wabash.edu\/\" target=\"_blank\" rel=\"noopener\">Wabash College<\/a> con una beca como Finalista al M\u00e9rito Nacional y se gradu\u00f3 con honores en Espa\u00f1ol despu\u00e9s de estudiar en el extranjero en <a href=\"http:\/\/en.wikipedia.org\/wiki\/Valencia,_Spain\" target=\"_blank\" rel=\"noopener\">Valencia, Espa\u00f1a<\/a>. Antes de comenzar la escuela de postgrado en la Universidad de Indiana en Bloomington, ense\u00f1\u00f3 ingl\u00e9s en <a href=\"http:\/\/en.wikipedia.org\/wiki\/Saltillo\" target=\"_blank\" rel=\"noopener\">Saltillo, M\u00e9xico<\/a> durante casi un a\u00f1o. En Bloomington, Curt termin\u00f3 su educaci\u00f3n formal con un MBA con especializaci\u00f3n en finanzas de la Facultad <a href=\"http:\/\/www.bus.indiana.edu\/\" target=\"_blank\" rel=\"noopener\">Kelley School of Business<\/a> y su JD de la Facultad <a href=\"http:\/\/www.law.indiana.edu\/\" target=\"_blank\" rel=\"noopener\">Maurer School of Law<\/a> en 1999. Durante la escuela de postgrado, Curt hizo una pasant\u00eda en <a href=\"http:\/\/goodrichriquelme.com\/\" target=\"_blank\" rel=\"noopener\">Goodrich, Riquelme y Asociados<\/a>, una firma de abogados en la Ciudad de M\u00e9xico, y trabaj\u00f3 en la<a href=\"http:\/\/en.wikipedia.org\/wiki\/Panama\" target=\"_blank\" rel=\"noopener\"> Rep\u00fablica de Panam\u00e1<\/a> para <a href=\"http:\/\/www.naturapanama.org\/\" target=\"_blank\" rel=\"noopener\">Fundaci\u00f3n Natura<\/a>, una organizaci\u00f3n no gubernamental, como consultor en proyectos de sustentabilidad en la Cuenca del Canal de Panam\u00e1, a trav\u00e9s del<a href=\"http:\/\/www.iie.org\/en\/Programs\/EMDAP#.V_VblOgrKUk\" target=\"_blank\" rel=\"noopener\"> Programa de Asesores de Desarrollo de Mercado Libre<\/a> auspiciado por el <a href=\"http:\/\/www.iie.org\/\" target=\"_blank\" rel=\"noopener\">Instituto de Educaci\u00f3n Internacional<\/a> en conjunto con la <a href=\"http:\/\/www.usaid.gov\/\" target=\"_blank\" rel=\"noopener\">Agencia de los Estados Unidos para el Desarrollo Internacional<\/a> (&#8220;USAID&#8221;), estudi\u00f3 en el extranjero en <a href=\"http:\/\/www.esade.edu\/\" target=\"_blank\" rel=\"noopener\">ESADE<\/a> en <a href=\"http:\/\/en.wikipedia.org\/wiki\/Barcelona\" target=\"_blank\" rel=\"noopener\">Barcelona, Espa\u00f1a<\/a> y luego hizo una pasant\u00eda en <a href=\"http:\/\/www.cliffordchance.com\/home.html\" target=\"_blank\" rel=\"noopener\">Clifford Chance<\/a> en Barcelona. Despu\u00e9s de completar sus estudios en Bloomington, Curt complet\u00f3 un proyecto de beca de investigaci\u00f3n en el <a href=\"http:\/\/www.lcil.cam.ac.uk\/\" target=\"_blank\" rel=\"noopener\">Centro Lauterpacht de Derecho Internacional<\/a> de la <a href=\"http:\/\/www.cam.ac.uk\/\" target=\"_blank\" rel=\"noopener\">Universidad de Cambridge<\/a>, Inglaterra, sobre las lecciones hist\u00f3ricas aprendidas de las uniones monetarias europeas anteriores. Luego, Curt regres\u00f3 a los EE. UU., tom\u00f3 el examen de la barra y se fue al d\u00eda siguiente a <a href=\"https:\/\/en.wikipedia.org\/wiki\/Dnipro\" target=\"_blank\" rel=\"noopener\">Dnipro, Ucrania<\/a>, donde comenz\u00f3 su tenencia con el <a href=\"https:\/\/www.pyxeraglobal.org\/\" target=\"_blank\" rel=\"noopener\">MBA Enterprise Corps<\/a> que finalmente lo llev\u00f3 a <a href=\"http:\/\/en.wikipedia.org\/wiki\/Atyrau\" target=\"_blank\" rel=\"noopener\">Atyrau, Kazajst\u00e1n<\/a>, donde trabaj\u00f3 en un proyecto respaldado por USAID para eliminar el inicio de barreras para las peque\u00f1as y medianas empresas. Despu\u00e9s de su tenencia en Kazajst\u00e1n, Curt regres\u00f3 a casa y comenz\u00f3 a ejercer leyes en la firma en 2001<\/p>\n<p>Fuera de la pr\u00e1ctica de la ley, Curt es un miembro activo de la comunidad. Vive en Shelbyville con su esposa y 5 hijos. Curt a lo largo de los a\u00f1os ha sido entrenador de lucha greco-romana, f\u00fatbol, baloncesto y b\u00e9isbol. Curt es miembro de la junta directiva de las escuelas centrales de Shelbyville y es feligr\u00e9s con su familia en la Iglesia Cat\u00f3lica San Jos\u00e9.<\/p>\n<h2 style=\"margin-top: 20px;\">\u00c1reas de practica<\/h2>\n<ul>\n<li>Juicio civil<\/li>\n<li>Testamentos, Fideicomisos y Sucesiones<\/li>\n<li>Asuntos gubernamentales<\/li>\n<li>Transacciones de bienes ra\u00edces<\/li>\n<li>Derechos de personas de la tercera edad<\/li>\n<li>Derecho empresarial y comercial<\/li>\n<li>Lesiones personales<\/li>\n<li>Ley equina<\/li>\n<\/ul>\n<h2>Admisiones a la barra<\/h2>\n<ul>\n<li>Indiana<\/li>\n<li>Tribunal de Distrito de los Estados Unidos, Distrito Sur de Indiana<\/li>\n<\/ul>\n<h2>Educaci\u00f3n<\/h2>\n<ul>\n<li>Colegio Wabash, AB, 1994.<\/li>\n<li>Universidad de Indiana, Facultad de Derecho Maurer, JD, 2000.<\/li>\n<li>Universidad de Indiana, Kelley School of Business, MBA, 2000.<\/li>\n<\/ul>\n<h2>Compromiso civil<\/h2>\n<ul>\n<li>Miembro, Junta Directiva de las Escuelas Centrales de Shelbyville<\/li>\n<li>Miembro, Comit\u00e9 de Subvenciones, Fundaci\u00f3n Comunitaria Blue River<\/li>\n<\/ul>\n<h2>Clientes representativos<\/h2>\n<ul>\n<li>Suministrado bajo pedido<\/li>\n<\/ul>\n<p><quillbot-extension-portal><\/quillbot-extension-portal><\/p>\n<p>[\/et_pb_text][\/et_pb_column][\/et_pb_row][\/et_pb_section]<\/p>\n","protected":false},"excerpt":{"rendered":"<p>H. Curtis JohnsonReputaci\u00f3n. Respeto. Resultados.317-398-6688317-398-6806Acerca de H. Curtis Johnson Curt Johnson representa tanto a individuos como a empresas en asuntos civiles. Como litigante experimentado, Curt ha desarrollado una pr\u00e1ctica equilibrada en el \u00e1mbito civil que consiste en representar tanto a los demandantes como a los demandados en litigios (en procedimientos judiciales) y transacciones (procedimientos extrajudiciales, [&hellip;]<\/p>\n","protected":false},"author":1,"featured_media":0,"parent":141,"menu_order":0,"comment_status":"closed","ping_status":"closed","template":"","meta":{"_et_pb_use_builder":"on","_et_pb_old_content":"","_et_gb_content_width":"","footnotes":""},"class_list":["post-401","page","type-page","status-publish","hentry"],"_links":{"self":[{"href":"https:\/\/shelbylaw.com\/es\/wp-json\/wp\/v2\/pages\/401","targetHints":{"allow":["GET"]}}],"collection":[{"href":"https:\/\/shelbylaw.com\/es\/wp-json\/wp\/v2\/pages"}],"about":[{"href":"https:\/\/shelbylaw.com\/es\/wp-json\/wp\/v2\/types\/page"}],"author":[{"embeddable":true,"href":"https:\/\/shelbylaw.com\/es\/wp-json\/wp\/v2\/users\/1"}],"replies":[{"embeddable":true,"href":"https:\/\/shelbylaw.com\/es\/wp-json\/wp\/v2\/comments?post=401"}],"version-history":[{"count":0,"href":"https:\/\/shelbylaw.com\/es\/wp-json\/wp\/v2\/pages\/401\/revisions"}],"up":[{"embeddable":true,"href":"https:\/\/shelbylaw.com\/es\/wp-json\/wp\/v2\/pages\/141"}],"wp:attachment":[{"href":"https:\/\/shelbylaw.com\/es\/wp-json\/wp\/v2\/media?parent=401"}],"curies":[{"name":"wp","href":"https:\/\/api.w.org\/{rel}","templated":true}]}}