{"id":376,"date":"2023-01-10T21:42:55","date_gmt":"2023-01-10T21:42:55","guid":{"rendered":"https:\/\/shelbylaw.com\/?page_id=376"},"modified":"2023-11-22T00:30:43","modified_gmt":"2023-11-22T00:30:43","slug":"tyler-e-brant","status":"publish","type":"page","link":"https:\/\/shelbylaw.com\/es\/abogados\/tyler-e-brant\/","title":{"rendered":"Tyler E. Brant"},"content":{"rendered":"<p>[et_pb_section fb_built=&#8221;1&#8243; custom_padding_last_edited=&#8221;on|phone&#8221; _builder_version=&#8221;4.18.0&#8243; _module_preset=&#8221;default&#8221; background_color=&#8221;rgba(2,2,2,0.6)&#8221; background_image=&#8221;https:\/\/shelbylaw.com\/es\/wp-content\/uploads\/2022\/09\/lawyer-44-4.jpg&#8221; background_blend=&#8221;overlay&#8221; custom_margin=&#8221;0px||0px||false|false&#8221; custom_padding=&#8221;128px||130px||false|false&#8221; custom_padding_tablet=&#8221;130px||130px||false|false&#8221; custom_padding_phone=&#8221;80px||80px||false|false&#8221; global_colors_info=&#8221;{}&#8221;][et_pb_row use_custom_gutter=&#8221;on&#8221; gutter_width=&#8221;2&#8243; _builder_version=&#8221;4.17.1&#8243; _module_preset=&#8221;default&#8221; width=&#8221;90%&#8221; max_width=&#8221;1170px&#8221; custom_margin=&#8221;0px||0px||false|false&#8221; custom_padding=&#8221;0px||0px||false|false&#8221; global_colors_info=&#8221;{}&#8221;][et_pb_column type=&#8221;4_4&#8243; _builder_version=&#8221;4.17.1&#8243; _module_preset=&#8221;default&#8221; global_colors_info=&#8221;{}&#8221;][et_pb_text _builder_version=&#8221;4.18.0&#8243; _module_preset=&#8221;default&#8221; header_2_font=&#8221;|600|||||||&#8221; header_2_text_align=&#8221;left&#8221; header_2_text_color=&#8221;#FFFFFF&#8221; header_2_font_size=&#8221;65px&#8221; header_2_letter_spacing=&#8221;-1px&#8221; header_2_line_height=&#8221;1.1em&#8221; custom_margin=&#8221;0px||20px||false|false&#8221; custom_padding=&#8221;0px||0px||false|false&#8221; header_2_font_size_tablet=&#8221;65px&#8221; header_2_font_size_phone=&#8221;34px&#8221; header_2_font_size_last_edited=&#8221;on|phone&#8221; global_colors_info=&#8221;{}&#8221;]<\/p>\n<h2>Tyler E. Brant<\/h2>\n<p>[\/et_pb_text][et_pb_text _builder_version=&#8221;4.20.4&#8243; _module_preset=&#8221;default&#8221; text_font=&#8221;|600|||||||&#8221; text_text_color=&#8221;#FFFFFF&#8221; text_font_size=&#8221;23px&#8221; header_4_font=&#8221;Cairo|700|||on||||&#8221; header_4_text_align=&#8221;left&#8221; header_4_text_color=&#8221;#FFFFFF&#8221; header_4_font_size=&#8221;17px&#8221; custom_margin=&#8221;0px||0px||false|false&#8221; custom_padding=&#8221;0px||0px||false|false&#8221; header_4_font_size_tablet=&#8221;17px&#8221; header_4_font_size_phone=&#8221;17px&#8221; header_4_font_size_last_edited=&#8221;on|phone&#8221; global_colors_info=&#8221;{}&#8221; header_4_text_color__hover_enabled=&#8221;on|hover&#8221; header_4_text_color__hover=&#8221;#fd4a18&#8243;]Reputaci\u00f3n. Respeto. Resultados.[\/et_pb_text][\/et_pb_column][\/et_pb_row][\/et_pb_section][et_pb_section fb_built=&#8221;1&#8243; custom_padding_last_edited=&#8221;on|phone&#8221; _builder_version=&#8221;4.20.4&#8243; _module_preset=&#8221;default&#8221; background_enable_color=&#8221;off&#8221; custom_margin=&#8221;0px||0px||false|false&#8221; custom_padding=&#8221;80px||80px||false|false&#8221; custom_padding_tablet=&#8221;130px||130px||false|false&#8221; custom_padding_phone=&#8221;80px||80px||false|false&#8221; global_colors_info=&#8221;{}&#8221;][et_pb_row column_structure=&#8221;1_3,2_3&#8243; use_custom_gutter=&#8221;on&#8221; gutter_width=&#8221;2&#8243; make_equal=&#8221;on&#8221; _builder_version=&#8221;4.18.0&#8243; _module_preset=&#8221;default&#8221; width=&#8221;90%&#8221; max_width=&#8221;1170px&#8221; custom_margin=&#8221;0px||0px||false|false&#8221; custom_padding=&#8221;0px||0px||false|false&#8221; border_color_bottom=&#8221;#e7e7e7&#8243; global_colors_info=&#8221;{}&#8221;][et_pb_column type=&#8221;1_3&#8243; _builder_version=&#8221;4.17.1&#8243; _module_preset=&#8221;default&#8221; custom_css_main_element=&#8221;text-align:center;&#8221; global_colors_info=&#8221;{}&#8221;][et_pb_image src=&#8221;https:\/\/shelbylaw.com\/es\/wp-content\/uploads\/2023\/01\/Tyler-min.jpg&#8221; alt=&#8221;Tyler E Brant&#8221; title_text=&#8221;Tyler-min&#8221; align=&#8221;center&#8221; _builder_version=&#8221;4.19.5&#8243; _module_preset=&#8221;default&#8221; custom_margin=&#8221;0px||0px||false|false&#8221; custom_padding=&#8221;0px||0px||false|false&#8221; global_colors_info=&#8221;{}&#8221;][\/et_pb_image][et_pb_blurb title=&#8221;Tyler E. Brant&#8221; _builder_version=&#8221;4.18.0&#8243; _module_preset=&#8221;default&#8221; header_level=&#8221;h3&#8243; header_font=&#8221;|700|||||||&#8221; header_text_align=&#8221;center&#8221; header_text_color=&#8221;#151515&#8243; header_font_size=&#8221;20px&#8221; body_font=&#8221;Libre Franklin|600|||||||&#8221; body_text_align=&#8221;center&#8221; body_text_color=&#8221;#616161&#8243; background_color=&#8221;#FFFFFF&#8221; z_index=&#8221;10&#8243; max_width=&#8221;325px&#8221; module_alignment=&#8221;center&#8221; custom_margin=&#8221;-40px||0px||false|false&#8221; custom_padding=&#8221;20px|10px|20px|10px|true|true&#8221; border_radii=&#8221;on|5px|5px|5px|5px&#8221; box_shadow_style=&#8221;preset1&#8243; box_shadow_vertical=&#8221;8px&#8221; box_shadow_blur=&#8221;35px&#8221; box_shadow_color=&#8221;rgba(0,0,0,0.12)&#8221; global_colors_info=&#8221;{}&#8221;][\/et_pb_blurb][et_pb_blurb use_icon=&#8221;on&#8221; font_icon=&#8221;&#xe00b;||divi||400&#8243; icon_color=&#8221;#C9AC5C&#8221; icon_placement=&#8221;left&#8221; _builder_version=&#8221;4.19.5&#8243; _module_preset=&#8221;default&#8221; body_font=&#8221;|700|||||||&#8221; custom_margin=&#8221;20px||||false|false&#8221; global_colors_info=&#8221;{}&#8221;]<\/p>\n<p><span>317-398-6688<\/span><\/p>\n<p>[\/et_pb_blurb][et_pb_blurb use_icon=&#8221;on&#8221; font_icon=&#8221;&#xe103;||divi||400&#8243; icon_color=&#8221;#C9AC5C&#8221; icon_placement=&#8221;left&#8221; _builder_version=&#8221;4.19.5&#8243; _module_preset=&#8221;default&#8221; body_font=&#8221;|700|||||||&#8221; custom_margin=&#8221;20px||||false|false&#8221; global_colors_info=&#8221;{}&#8221;]<\/p>\n<p class=\"p1\"><span>317-398-6806<\/span><\/p>\n<p>[\/et_pb_blurb][\/et_pb_column][et_pb_column type=&#8221;2_3&#8243; _builder_version=&#8221;4.17.1&#8243; _module_preset=&#8221;default&#8221; custom_css_main_element=&#8221;text-align:center;&#8221; global_colors_info=&#8221;{}&#8221;][et_pb_text _builder_version=&#8221;4.20.4&#8243; header_3_font=&#8221;|600|||||||&#8221; header_3_text_align=&#8221;left&#8221; header_3_text_color=&#8221;#020202&#8243; header_3_font_size=&#8221;35px&#8221; header_3_line_height=&#8221;1.2em&#8221; animation_style=&#8221;fade&#8221; header_3_font_size_tablet=&#8221;&#8221; header_3_font_size_phone=&#8221;25px&#8221; header_3_font_size_last_edited=&#8221;on|phone&#8221; global_colors_info=&#8221;{}&#8221;]<\/p>\n<h3>Acerca deTyler E. Brant<\/h3>\n<p>[\/et_pb_text][et_pb_text _builder_version=&#8221;4.20.4&#8243; text_font=&#8221;||||||||&#8221; text_text_color=&#8221;#020202&#8243; header_2_font=&#8221;|600|||||||&#8221; header_2_text_color=&#8221;#C9AC5C&#8221; custom_margin_tablet=&#8221;-10px||||false|false&#8221; custom_margin_phone=&#8221;-10px||||false|false&#8221; custom_margin_last_edited=&#8221;on|phone&#8221; global_colors_info=&#8221;{}&#8221;]<\/p>\n<p>Tyler representa a clientes en asuntos penales y civiles; sin embargo, se enfoca en su pasi\u00f3n, que es la defensa criminal. Tyler complet\u00f3 sus estudios universitarios en la Universidad de Indiana \u2013 Bloomington, con una triple especializaci\u00f3n en Historia, Filosof\u00eda y Espa\u00f1ol. Durante ese tiempo, estudi\u00f3 en el extranjero en la Universidad Complutense de Madrid, Espa\u00f1a. Tyler habla espa\u00f1ol con fluidez y representa a muchos hispanohablantes. Tambi\u00e9n es \u201cabogado consultor\u201d a trav\u00e9s del Consulado de M\u00e9xico en Indian\u00e1polis. Fuera de la oficina, Tyler disfruta de la lectura, es un \u00e1vido amante de la naturaleza y disfruta pasar tiempo con su esposa y sus dos hijos.<\/p>\n<h2 style=\"margin-top: 20px;\">\u00c1reas de practica<\/h2>\n<ul>\n<li>Derecho penal<\/li>\n<li>Juicio civil<\/li>\n<li>Lesiones Personales<\/li>\n<li>Derechos civiles<\/li>\n<\/ul>\n<h2>Admisiones a la barra:<\/h2>\n<ul>\n<li>Indiana<\/li>\n<li>Tribunal de Distrito de los Estados Unidos, Distrito Sur de Indiana<\/li>\n<li>Tribunal de Distrito de EE. UU., Distrito Norte de Indiana<\/li>\n<\/ul>\n<h2>Educaci\u00f3n:<\/h2>\n<ul>\n<li>Universidad de Indiana, Bloomington, BA 2007.<\/li>\n<li>Universidad de Indiana, Facultad de Derecho Robert H. McKinney, JD 2012.<\/li>\n<\/ul>\n<h2>Clientes representativos:<\/h2>\n<ul>\n<li>Suministrado bajo pedido<\/li>\n<\/ul>\n<p>[\/et_pb_text][\/et_pb_column][\/et_pb_row][\/et_pb_section]<\/p>\n","protected":false},"excerpt":{"rendered":"<p>Tyler E. BrantReputaci\u00f3n. Respeto. Resultados.317-398-6688317-398-6806Acerca deTyler E. BrantTyler representa a clientes en asuntos penales y civiles; sin embargo, se enfoca en su pasi\u00f3n, que es la defensa criminal. Tyler complet\u00f3 sus estudios universitarios en la Universidad de Indiana \u2013 Bloomington, con una triple especializaci\u00f3n en Historia, Filosof\u00eda y Espa\u00f1ol. Durante ese tiempo, estudi\u00f3 en el [&hellip;]<\/p>\n","protected":false},"author":1,"featured_media":0,"parent":141,"menu_order":0,"comment_status":"closed","ping_status":"closed","template":"","meta":{"_et_pb_use_builder":"on","_et_pb_old_content":"","_et_gb_content_width":"","footnotes":""},"class_list":["post-376","page","type-page","status-publish","hentry"],"_links":{"self":[{"href":"https:\/\/shelbylaw.com\/es\/wp-json\/wp\/v2\/pages\/376","targetHints":{"allow":["GET"]}}],"collection":[{"href":"https:\/\/shelbylaw.com\/es\/wp-json\/wp\/v2\/pages"}],"about":[{"href":"https:\/\/shelbylaw.com\/es\/wp-json\/wp\/v2\/types\/page"}],"author":[{"embeddable":true,"href":"https:\/\/shelbylaw.com\/es\/wp-json\/wp\/v2\/users\/1"}],"replies":[{"embeddable":true,"href":"https:\/\/shelbylaw.com\/es\/wp-json\/wp\/v2\/comments?post=376"}],"version-history":[{"count":0,"href":"https:\/\/shelbylaw.com\/es\/wp-json\/wp\/v2\/pages\/376\/revisions"}],"up":[{"embeddable":true,"href":"https:\/\/shelbylaw.com\/es\/wp-json\/wp\/v2\/pages\/141"}],"wp:attachment":[{"href":"https:\/\/shelbylaw.com\/es\/wp-json\/wp\/v2\/media?parent=376"}],"curies":[{"name":"wp","href":"https:\/\/api.w.org\/{rel}","templated":true}]}}