{"id":285,"date":"2022-12-15T22:26:56","date_gmt":"2022-12-15T22:26:56","guid":{"rendered":"https:\/\/shelbylaw.com\/?page_id=285"},"modified":"2025-07-30T18:30:24","modified_gmt":"2025-07-30T18:30:24","slug":"adopciones","status":"publish","type":"page","link":"https:\/\/shelbylaw.com\/es\/areas-de-practica\/adopciones\/","title":{"rendered":"Adopciones"},"content":{"rendered":"<p>[et_pb_section fb_built=&#8221;1&#8243; custom_padding_last_edited=&#8221;on|phone&#8221; _builder_version=&#8221;4.18.0&#8243; _module_preset=&#8221;default&#8221; background_color=&#8221;rgba(2,2,2,0.6)&#8221; background_image=&#8221;https:\/\/shelbylaw.com\/es\/wp-content\/uploads\/2022\/09\/lawyer-44-4.jpg&#8221; background_blend=&#8221;overlay&#8221; custom_margin=&#8221;0px||0px||false|false&#8221; custom_padding=&#8221;128px||130px||false|false&#8221; custom_padding_tablet=&#8221;130px||130px||false|false&#8221; custom_padding_phone=&#8221;80px||80px||false|false&#8221; global_colors_info=&#8221;{}&#8221;][et_pb_row use_custom_gutter=&#8221;on&#8221; gutter_width=&#8221;2&#8243; _builder_version=&#8221;4.18.0&#8243; _module_preset=&#8221;default&#8221; width=&#8221;90%&#8221; max_width=&#8221;80%&#8221; custom_margin=&#8221;0px||0px||false|false&#8221; custom_padding=&#8221;0px||0px||false|false&#8221; global_colors_info=&#8221;{}&#8221;][et_pb_column type=&#8221;4_4&#8243; _builder_version=&#8221;4.17.1&#8243; _module_preset=&#8221;default&#8221; global_colors_info=&#8221;{}&#8221;][et_pb_text _builder_version=&#8221;4.20.4&#8243; _module_preset=&#8221;default&#8221; header_2_font=&#8221;|600|||||||&#8221; header_2_text_align=&#8221;left&#8221; header_2_text_color=&#8221;#FFFFFF&#8221; header_2_font_size=&#8221;65px&#8221; header_2_letter_spacing=&#8221;-1px&#8221; header_2_line_height=&#8221;1.1em&#8221; custom_margin=&#8221;0px||20px||false|false&#8221; custom_padding=&#8221;0px||0px||false|false&#8221; header_2_font_size_tablet=&#8221;65px&#8221; header_2_font_size_phone=&#8221;34px&#8221; header_2_font_size_last_edited=&#8221;on|phone&#8221; global_colors_info=&#8221;{}&#8221;]<\/p>\n<h2>Adopciones<br \/>\n<\/h2>\n<p>[\/et_pb_text][et_pb_text _builder_version=&#8221;4.20.4&#8243; _module_preset=&#8221;default&#8221; text_font=&#8221;|600|||||||&#8221; text_text_color=&#8221;#FFFFFF&#8221; text_font_size=&#8221;23px&#8221; header_4_font=&#8221;Cairo|700|||on||||&#8221; header_4_text_align=&#8221;left&#8221; header_4_text_color=&#8221;#FFFFFF&#8221; header_4_font_size=&#8221;17px&#8221; custom_margin=&#8221;0px||0px||false|false&#8221; custom_padding=&#8221;0px||0px||false|false&#8221; header_4_font_size_tablet=&#8221;17px&#8221; header_4_font_size_phone=&#8221;17px&#8221; header_4_font_size_last_edited=&#8221;on|phone&#8221; global_colors_info=&#8221;{}&#8221; header_4_text_color__hover_enabled=&#8221;on|hover&#8221; header_4_text_color__hover=&#8221;#fd4a18&#8243;]Reputaci\u00f3n. Respeto. Resultados.[\/et_pb_text][\/et_pb_column][\/et_pb_row][\/et_pb_section][et_pb_section fb_built=&#8221;1&#8243; _builder_version=&#8221;4.20.4&#8243; _module_preset=&#8221;default&#8221; global_colors_info=&#8221;{}&#8221;][et_pb_row column_structure=&#8221;2_3,1_3&#8243; use_custom_gutter=&#8221;on&#8221; gutter_width=&#8221;1&#8243; _builder_version=&#8221;4.27.2&#8243; _module_preset=&#8221;default&#8221; hover_enabled=&#8221;0&#8243; global_colors_info=&#8221;{}&#8221; sticky_enabled=&#8221;0&#8243;][et_pb_column type=&#8221;2_3&#8243; _builder_version=&#8221;4.20.4&#8243; _module_preset=&#8221;default&#8221; global_colors_info=&#8221;{}&#8221;][et_pb_text _builder_version=&#8221;4.20.4&#8243; _module_preset=&#8221;default&#8221; text_font=&#8221;|600|||||||&#8221; text_line_height=&#8221;1.8em&#8221; global_colors_info=&#8221;{}&#8221;]Hay varias formas de adoptar, y los abogados de DePrez, Johnson, Brant &amp; Eads, P.A., pueden ayudar a explicar las ventajas y desventajas de cada opci\u00f3n. Su amplia base de conocimientos puede ayudarlo a decidir qu\u00e9 camino es el adecuado para su familia. Las \u00e1reas cubiertas con respecto a las adopciones incluyen adopciones de parientes, adopciones de padrastros, adopciones de menores y adopciones de ni\u00f1os de crianza.<\/p>\n<p>Algunas formas comunes en que ayudamos a los clientes durante un caso de adopci\u00f3n:<\/p>\n<ul style=\"margin-top:20px;\">\n<li>Encontrar una agencia de adopci\u00f3n y servir como enlace.<\/li>\n<li>Responder a cualquier pregunta legal que los clientes puedan tener durante todo el proceso.<\/li>\n<li>Preparaci\u00f3n de papeles y formularios.<\/li>\n<li>Ofrecer asesoramiento legal y garantizar que los clientes cumplan con todos los requisitos.<\/li>\n<li>Garantizar que los procedimientos de adopci\u00f3n sigan las leyes de adopci\u00f3n locales, estatales y federales vigentes.<\/li>\n<li>Asistir a audiencias judiciales para representar a los clientes y sus intereses.<\/li>\n<li>Tratar cualquier disputa o conflicto legal que pueda ocurrir durante un caso de adopci\u00f3n.<\/li>\n<\/ul>\n<p>[\/et_pb_text][et_pb_button button_url=&#8221;@ET-DC@eyJkeW5hbWljIjp0cnVlLCJjb250ZW50IjoicG9zdF9saW5rX3VybF9wYWdlIiwic2V0dGluZ3MiOnsicG9zdF9pZCI6IjcxMTI2In19@&#8221; button_text=&#8221;Cont\u00e1ctenos&#8221; button_alignment=&#8221;left&#8221; button_alignment_tablet=&#8221;left&#8221; button_alignment_phone=&#8221;left&#8221; button_alignment_last_edited=&#8221;on|phone&#8221; _builder_version=&#8221;4.20.4&#8243; _dynamic_attributes=&#8221;button_url&#8221; _module_preset=&#8221;default&#8221; custom_button=&#8221;on&#8221; button_text_size=&#8221;15px&#8221; button_text_color=&#8221;#FFFFFF&#8221; button_bg_color=&#8221;#C9AC5C&#8221; button_border_width=&#8221;2.1px&#8221; button_border_color=&#8221;#C9AC5C&#8221; button_font=&#8221;|700|||||||&#8221; button_icon=&#8221;&#x24;||divi||400&#8243; button_on_hover=&#8221;off&#8221; custom_margin=&#8221;20px||||false|false&#8221; custom_margin_tablet=&#8221;-10px||||false|false&#8221; custom_margin_phone=&#8221;-10px||||false|false&#8221; custom_margin_last_edited=&#8221;on|phone&#8221; custom_padding=&#8221;13px|50px|13px|40px|true|false&#8221; global_colors_info=&#8221;{}&#8221; button_text_color__hover_enabled=&#8221;on|hover&#8221; button_text_color__hover=&#8221;#020202&#8243; button_bg_color__hover_enabled=&#8221;on|hover&#8221; button_bg_color__hover=&#8221;RGBA(255,255,255,0)&#8221; button_bg_enable_color__hover=&#8221;on&#8221; button_border_color__hover_enabled=&#8221;on|hover&#8221; button_border_color__hover=&#8221;#C9AC5C&#8221; button_letter_spacing__hover_enabled=&#8221;on|desktop&#8221; button_letter_spacing__hover=&#8221;0px&#8221;][\/et_pb_button][\/et_pb_column][et_pb_column type=&#8221;1_3&#8243; _builder_version=&#8221;4.20.4&#8243; _module_preset=&#8221;default&#8221; global_colors_info=&#8221;{}&#8221;][et_pb_image src=&#8221;https:\/\/shelbylaw.com\/es\/wp-content\/uploads\/2025\/07\/curt.jpg&#8221; alt=&#8221;H Curtis Johnson&#8221; title_text=&#8221;curt&#8221; url=&#8221;@ET-DC@eyJkeW5hbWljIjp0cnVlLCJjb250ZW50IjoicG9zdF9saW5rX3VybF9wYWdlIiwic2V0dGluZ3MiOnsicG9zdF9pZCI6IjQwMSJ9fQ==@&#8221; align=&#8221;center&#8221; _builder_version=&#8221;4.27.2&#8243; _dynamic_attributes=&#8221;url&#8221; _module_preset=&#8221;default&#8221; width=&#8221;70%&#8221; custom_margin=&#8221;0px||0px||false|false&#8221; custom_padding=&#8221;0px||0px||false|false&#8221; hover_enabled=&#8221;0&#8243; global_colors_info=&#8221;{}&#8221; sticky_enabled=&#8221;0&#8243;][\/et_pb_image][et_pb_blurb title=&#8221;Curt Johnson&#8221; _builder_version=&#8221;4.19.4&#8243; _module_preset=&#8221;default&#8221; header_level=&#8221;h3&#8243; header_font=&#8221;|700|||||||&#8221; header_text_align=&#8221;center&#8221; header_text_color=&#8221;#151515&#8243; header_font_size=&#8221;20px&#8221; body_font=&#8221;Libre Franklin|600|||||||&#8221; body_text_align=&#8221;center&#8221; body_text_color=&#8221;#616161&#8243; background_color=&#8221;#FFFFFF&#8221; z_index=&#8221;10&#8243; max_width=&#8221;325px&#8221; module_alignment=&#8221;center&#8221; custom_margin=&#8221;-40px||0px||false|false&#8221; custom_padding=&#8221;20px|10px|20px|10px|true|true&#8221; border_radii=&#8221;on|5px|5px|5px|5px&#8221; global_colors_info=&#8221;{}&#8221;][\/et_pb_blurb][\/et_pb_column][\/et_pb_row][\/et_pb_section]<\/p>\n","protected":false},"excerpt":{"rendered":"<p>Adopciones Reputaci\u00f3n. Respeto. Resultados.Hay varias formas de adoptar, y los abogados de DePrez, Johnson, Brant &amp; Eads, P.A., pueden ayudar a explicar las ventajas y desventajas de cada opci\u00f3n. Su amplia base de conocimientos puede ayudarlo a decidir qu\u00e9 camino es el adecuado para su familia. Las \u00e1reas cubiertas con respecto a las adopciones incluyen [&hellip;]<\/p>\n","protected":false},"author":1,"featured_media":0,"parent":71357,"menu_order":0,"comment_status":"closed","ping_status":"closed","template":"","meta":{"_et_pb_use_builder":"on","_et_pb_old_content":"","_et_gb_content_width":"","footnotes":""},"class_list":["post-285","page","type-page","status-publish","hentry"],"_links":{"self":[{"href":"https:\/\/shelbylaw.com\/es\/wp-json\/wp\/v2\/pages\/285","targetHints":{"allow":["GET"]}}],"collection":[{"href":"https:\/\/shelbylaw.com\/es\/wp-json\/wp\/v2\/pages"}],"about":[{"href":"https:\/\/shelbylaw.com\/es\/wp-json\/wp\/v2\/types\/page"}],"author":[{"embeddable":true,"href":"https:\/\/shelbylaw.com\/es\/wp-json\/wp\/v2\/users\/1"}],"replies":[{"embeddable":true,"href":"https:\/\/shelbylaw.com\/es\/wp-json\/wp\/v2\/comments?post=285"}],"version-history":[{"count":0,"href":"https:\/\/shelbylaw.com\/es\/wp-json\/wp\/v2\/pages\/285\/revisions"}],"up":[{"embeddable":true,"href":"https:\/\/shelbylaw.com\/es\/wp-json\/wp\/v2\/pages\/71357"}],"wp:attachment":[{"href":"https:\/\/shelbylaw.com\/es\/wp-json\/wp\/v2\/media?parent=285"}],"curies":[{"name":"wp","href":"https:\/\/api.w.org\/{rel}","templated":true}]}}